{"id":322,"date":"2020-12-25T11:24:53","date_gmt":"2020-12-25T10:24:53","guid":{"rendered":"http:\/\/ventus.selfhost.eu\/?page_id=322"},"modified":"2020-12-25T16:28:25","modified_gmt":"2020-12-25T15:28:25","slug":"grunau-baby","status":"publish","type":"page","link":"http:\/\/ventus.selfhost.eu\/index.php\/grunau-baby\/","title":{"rendered":"Grunau Baby"},"content":{"rendered":"\n<figure class=\"wp-block-table\"><table><tbody><tr><td><strong><span class=\"has-inline-color has-white-color\">Gr\u00f6\u00dfe<\/span><\/strong><\/td><td class=\"has-text-align-right\" data-align=\"right\">4 m<\/td><\/tr><tr><td><strong><span class=\"has-inline-color has-white-color\">Bauweise<\/span><\/strong><\/td><td class=\"has-text-align-right\" data-align=\"right\">Holz<\/td><\/tr><tr><td><strong><span class=\"has-inline-color has-white-color\">Kan\u00e4le<\/span><\/strong><\/td><td class=\"has-text-align-right\" data-align=\"right\">2 Quer<\/td><\/tr><tr><td><\/td><td class=\"has-text-align-right\" data-align=\"right\">H\u00f6he<\/td><\/tr><tr><td><\/td><td class=\"has-text-align-right\" data-align=\"right\">Seite<\/td><\/tr><tr><td><\/td><td class=\"has-text-align-right\" data-align=\"right\">Bremse<\/td><\/tr><tr><td><\/td><td class=\"has-text-align-right\" data-align=\"right\">Schleppkupplung<\/td><\/tr><\/tbody><\/table><\/figure>\n\n\n\n<figure class=\"wp-block-image size-large\"><a href=\"http:\/\/ventus.selfhost.eu\/wp-content\/uploads\/2020\/12\/Baby4.jpg\"><img loading=\"lazy\" decoding=\"async\" width=\"1024\" height=\"680\" src=\"http:\/\/ventus.selfhost.eu\/wp-content\/uploads\/2020\/12\/Baby4-1024x680.jpg\" alt=\"\" class=\"wp-image-323\" srcset=\"http:\/\/ventus.selfhost.eu\/wp-content\/uploads\/2020\/12\/Baby4-1024x680.jpg 1024w, http:\/\/ventus.selfhost.eu\/wp-content\/uploads\/2020\/12\/Baby4-300x199.jpg 300w, http:\/\/ventus.selfhost.eu\/wp-content\/uploads\/2020\/12\/Baby4-768x510.jpg 768w, http:\/\/ventus.selfhost.eu\/wp-content\/uploads\/2020\/12\/Baby4-1536x1020.jpg 1536w, http:\/\/ventus.selfhost.eu\/wp-content\/uploads\/2020\/12\/Baby4-676x449.jpg 676w, http:\/\/ventus.selfhost.eu\/wp-content\/uploads\/2020\/12\/Baby4.jpg 2000w\" sizes=\"auto, (max-width: 1024px) 100vw, 1024px\" \/><\/a><\/figure>\n\n\n\n<figure class=\"wp-block-image size-large\"><a href=\"http:\/\/ventus.selfhost.eu\/wp-content\/uploads\/2020\/12\/Baby3.jpg\"><img loading=\"lazy\" decoding=\"async\" width=\"1024\" height=\"680\" src=\"http:\/\/ventus.selfhost.eu\/wp-content\/uploads\/2020\/12\/Baby3-1024x680.jpg\" alt=\"\" class=\"wp-image-324\" srcset=\"http:\/\/ventus.selfhost.eu\/wp-content\/uploads\/2020\/12\/Baby3-1024x680.jpg 1024w, http:\/\/ventus.selfhost.eu\/wp-content\/uploads\/2020\/12\/Baby3-300x199.jpg 300w, http:\/\/ventus.selfhost.eu\/wp-content\/uploads\/2020\/12\/Baby3-768x510.jpg 768w, http:\/\/ventus.selfhost.eu\/wp-content\/uploads\/2020\/12\/Baby3-1536x1020.jpg 1536w, http:\/\/ventus.selfhost.eu\/wp-content\/uploads\/2020\/12\/Baby3-676x449.jpg 676w, http:\/\/ventus.selfhost.eu\/wp-content\/uploads\/2020\/12\/Baby3.jpg 2000w\" sizes=\"auto, (max-width: 1024px) 100vw, 1024px\" \/><\/a><\/figure>\n\n\n\n<figure class=\"wp-block-image size-large\"><a href=\"http:\/\/ventus.selfhost.eu\/wp-content\/uploads\/2020\/12\/Baby5.jpg\"><img loading=\"lazy\" decoding=\"async\" width=\"1024\" height=\"680\" src=\"http:\/\/ventus.selfhost.eu\/wp-content\/uploads\/2020\/12\/Baby5-1024x680.jpg\" alt=\"\" class=\"wp-image-325\" srcset=\"http:\/\/ventus.selfhost.eu\/wp-content\/uploads\/2020\/12\/Baby5-1024x680.jpg 1024w, http:\/\/ventus.selfhost.eu\/wp-content\/uploads\/2020\/12\/Baby5-300x199.jpg 300w, http:\/\/ventus.selfhost.eu\/wp-content\/uploads\/2020\/12\/Baby5-768x510.jpg 768w, http:\/\/ventus.selfhost.eu\/wp-content\/uploads\/2020\/12\/Baby5-1536x1020.jpg 1536w, http:\/\/ventus.selfhost.eu\/wp-content\/uploads\/2020\/12\/Baby5-676x449.jpg 676w, http:\/\/ventus.selfhost.eu\/wp-content\/uploads\/2020\/12\/Baby5.jpg 2000w\" sizes=\"auto, (max-width: 1024px) 100vw, 1024px\" \/><\/a><\/figure>\n\n\n\n<figure class=\"wp-block-image size-large\"><a href=\"http:\/\/ventus.selfhost.eu\/wp-content\/uploads\/2020\/12\/Baby2.jpg\"><img loading=\"lazy\" decoding=\"async\" width=\"1024\" height=\"659\" src=\"http:\/\/ventus.selfhost.eu\/wp-content\/uploads\/2020\/12\/Baby2-1024x659.jpg\" alt=\"\" class=\"wp-image-326\" srcset=\"http:\/\/ventus.selfhost.eu\/wp-content\/uploads\/2020\/12\/Baby2-1024x659.jpg 1024w, http:\/\/ventus.selfhost.eu\/wp-content\/uploads\/2020\/12\/Baby2-300x193.jpg 300w, http:\/\/ventus.selfhost.eu\/wp-content\/uploads\/2020\/12\/Baby2-768x494.jpg 768w, http:\/\/ventus.selfhost.eu\/wp-content\/uploads\/2020\/12\/Baby2-1536x988.jpg 1536w, http:\/\/ventus.selfhost.eu\/wp-content\/uploads\/2020\/12\/Baby2-676x435.jpg 676w, http:\/\/ventus.selfhost.eu\/wp-content\/uploads\/2020\/12\/Baby2.jpg 2000w\" sizes=\"auto, (max-width: 1024px) 100vw, 1024px\" \/><\/a><\/figure>\n\n\n\n<figure class=\"wp-block-image size-large\"><a href=\"http:\/\/ventus.selfhost.eu\/wp-content\/uploads\/2020\/12\/Baby6.jpg\"><img loading=\"lazy\" decoding=\"async\" width=\"1024\" height=\"756\" src=\"http:\/\/ventus.selfhost.eu\/wp-content\/uploads\/2020\/12\/Baby6-1024x756.jpg\" alt=\"\" class=\"wp-image-327\" srcset=\"http:\/\/ventus.selfhost.eu\/wp-content\/uploads\/2020\/12\/Baby6-1024x756.jpg 1024w, http:\/\/ventus.selfhost.eu\/wp-content\/uploads\/2020\/12\/Baby6-300x221.jpg 300w, http:\/\/ventus.selfhost.eu\/wp-content\/uploads\/2020\/12\/Baby6-768x567.jpg 768w, http:\/\/ventus.selfhost.eu\/wp-content\/uploads\/2020\/12\/Baby6-1536x1133.jpg 1536w, http:\/\/ventus.selfhost.eu\/wp-content\/uploads\/2020\/12\/Baby6-676x499.jpg 676w, http:\/\/ventus.selfhost.eu\/wp-content\/uploads\/2020\/12\/Baby6.jpg 1900w\" sizes=\"auto, (max-width: 1024px) 100vw, 1024px\" \/><\/a><\/figure>\n\n\n\n<figure class=\"wp-block-image size-large\"><a href=\"http:\/\/ventus.selfhost.eu\/wp-content\/uploads\/2020\/12\/Baby1.jpg\"><img loading=\"lazy\" decoding=\"async\" width=\"1024\" height=\"680\" src=\"http:\/\/ventus.selfhost.eu\/wp-content\/uploads\/2020\/12\/Baby1-1024x680.jpg\" alt=\"\" class=\"wp-image-328\" srcset=\"http:\/\/ventus.selfhost.eu\/wp-content\/uploads\/2020\/12\/Baby1-1024x680.jpg 1024w, http:\/\/ventus.selfhost.eu\/wp-content\/uploads\/2020\/12\/Baby1-300x199.jpg 300w, http:\/\/ventus.selfhost.eu\/wp-content\/uploads\/2020\/12\/Baby1-768x510.jpg 768w, http:\/\/ventus.selfhost.eu\/wp-content\/uploads\/2020\/12\/Baby1-1536x1020.jpg 1536w, http:\/\/ventus.selfhost.eu\/wp-content\/uploads\/2020\/12\/Baby1-676x449.jpg 676w, http:\/\/ventus.selfhost.eu\/wp-content\/uploads\/2020\/12\/Baby1.jpg 2000w\" sizes=\"auto, (max-width: 1024px) 100vw, 1024px\" \/><\/a><\/figure>\n\n\n\n<div class=\"wp-block-buttons is-layout-flex wp-block-buttons-is-layout-flex\">\n<div class=\"wp-block-button\"><a class=\"wp-block-button__link\" href=\"http:\/\/ventus.selfhost.eu\/index.php\/meine-modelle\/\"><strong>Zur\u00fcck<\/strong><\/a><\/div>\n<\/div>\n\n\n\n<p><\/p>\n","protected":false},"excerpt":{"rendered":"<p>Gr\u00f6\u00dfe 4 m Bauweise Holz Kan\u00e4le 2 Quer H\u00f6he Seite Bremse Schleppkupplung<\/p>\n","protected":false},"author":1,"featured_media":0,"parent":0,"menu_order":0,"comment_status":"closed","ping_status":"closed","template":"","meta":{"footnotes":""},"class_list":["post-322","page","type-page","status-publish","hentry","post-preview"],"_links":{"self":[{"href":"http:\/\/ventus.selfhost.eu\/index.php\/wp-json\/wp\/v2\/pages\/322","targetHints":{"allow":["GET"]}}],"collection":[{"href":"http:\/\/ventus.selfhost.eu\/index.php\/wp-json\/wp\/v2\/pages"}],"about":[{"href":"http:\/\/ventus.selfhost.eu\/index.php\/wp-json\/wp\/v2\/types\/page"}],"author":[{"embeddable":true,"href":"http:\/\/ventus.selfhost.eu\/index.php\/wp-json\/wp\/v2\/users\/1"}],"replies":[{"embeddable":true,"href":"http:\/\/ventus.selfhost.eu\/index.php\/wp-json\/wp\/v2\/comments?post=322"}],"version-history":[{"count":2,"href":"http:\/\/ventus.selfhost.eu\/index.php\/wp-json\/wp\/v2\/pages\/322\/revisions"}],"predecessor-version":[{"id":408,"href":"http:\/\/ventus.selfhost.eu\/index.php\/wp-json\/wp\/v2\/pages\/322\/revisions\/408"}],"wp:attachment":[{"href":"http:\/\/ventus.selfhost.eu\/index.php\/wp-json\/wp\/v2\/media?parent=322"}],"curies":[{"name":"wp","href":"https:\/\/api.w.org\/{rel}","templated":true}]}}